{"id":9,"date":"2023-05-03T01:25:09","date_gmt":"2023-05-03T04:25:09","guid":{"rendered":"https:\/\/betterbeef.com.br\/?page_id=9"},"modified":"2023-10-17T10:10:59","modified_gmt":"2023-10-17T13:10:59","slug":"politica-de-troca-e-devolucao","status":"publish","type":"page","link":"https:\/\/betterbeef.com.br\/en\/politica-de-troca-e-devolucao\/","title":{"rendered":"Exchange and Return Policy"},"content":{"rendered":"<div data-elementor-type=\"wp-page\" data-elementor-id=\"9\" class=\"elementor elementor-9\" data-elementor-post-type=\"page\">\n\t\t\t\t\t\t<section class=\"elementor-section elementor-top-section elementor-element elementor-element-6feea8b8 elementor-section-boxed elementor-section-height-default elementor-section-height-default\" data-id=\"6feea8b8\" data-element_type=\"section\" data-e-type=\"section\">\n\t\t\t\t\t\t<div class=\"elementor-container elementor-column-gap-default\">\n\t\t\t\t\t<div class=\"elementor-column elementor-col-100 elementor-top-column elementor-element elementor-element-7d31731a\" data-id=\"7d31731a\" data-element_type=\"column\" data-e-type=\"column\">\n\t\t\t<div class=\"elementor-widget-wrap elementor-element-populated\">\n\t\t\t\t\t\t<div class=\"elementor-element elementor-element-6182de9f elementor-widget elementor-widget-text-editor\" data-id=\"6182de9f\" data-element_type=\"widget\" data-e-type=\"widget\" data-widget_type=\"text-editor.default\">\n\t\t\t\t<div class=\"elementor-widget-container\">\n\t\t\t\t\t\t\t\t\t<h3>EXCHANGE POLICY \u2014 Better Beef<\/h3><p>If you are not satisfied with the product or have regretted the purchase, you can request an exchange or return within 7 days from the date of receipt of the order at your address.<\/p><h3>Conditions for making an exchange:<\/h3><p>If you want to exchange it, the product must be in perfect condition and without signs of use, that is, in the same condition as you received it. Furthermore, it is essential that the item is in its original packaging.<\/p><h3>How to request an exchange:<\/h3><p>Send an email to faleconosco@betterbeef.com.br, stating your full name, order number and reason for the exchange. You will receive contact from us with the information necessary to make the exchange.<\/p><h3>Conditions for return due to regret:<\/h3><p>If you regret your purchase, you can also return your order within 7 days from the date of receipt of the order at your address.<\/p><h3>How to request a return due to regret:<\/h3><p>Send an email to faleconosco@betterbeef.com.br, stating your full name and order number. You will receive a refund within 30 days of the date we receive the returned products. The amount will be refunded using the same payment method you selected when purchasing in our online store. There will be no additional cost for you to receive your refund.<\/p><h3>Products with manufacturing defects:<\/h3><p>According to Brazilian legislation, in the case of items with manufacturing defects, you have the right to request a return within 30 days, counting from the date of receipt of the order at your address.<\/p><h3>How to request a return for defective products:<\/h3><p>Send an email to faleconosco@betterbeef.com.br, stating your full name, order number and information about the manufacturing defect (description with photos or videos). We will review your case within 30 days from the date we receive the returned products. The amount will be refunded using the same payment method you selected when purchasing in our online store. There will be no additional cost for you to receive your refund.<\/p><h3>How to return products:<\/h3><p>Following what is established by Consumer Law, the shipping costs for returning products due to the right of withdrawal or items with manufacturing defects will be covered by our store through the reverse logistics process.<\/p><p>You will receive a postage authorization code by email after your exchange or return request and you must post the merchandise at a Post Office. We do not cover packaging costs, so we suggest that you use the same packaging in which you received your purchase (if it is not damaged) or a suitable box that preserves the pieces during transport.<\/p><h3>\u00a0<\/h3><h3>REFUND POLICY\u00a0<\/h3><h4>How to request a return due to regret:<\/h4><p>If you are not satisfied with the product or have regretted the purchase, you can request a return within 7 days from the date of receipt of the order at your address.<\/p><p>Send an email to faleconosco@betterbeef.com.br, stating your full name and order number. You will receive a refund within 30 days of the date we receive the returned products. The amount will be refunded using the same payment method you selected when purchasing in our online store. There will be no additional cost for you to receive your refund.<\/p><h4>How to request a return for defective products:<\/h4><p>According to Brazilian legislation, in the case of items with manufacturing defects, you have the right to request a return within 30 days, counting from the date of receipt of the order at your address.<\/p><p>Send an email to faleconosco@betterbeef.com.br, stating your full name, order number and information about the manufacturing defect (description with photos or videos). We will review your case within 30 days from the date we receive the returned products. The amount will be refunded using the same payment method you selected when purchasing in our online store. There will be no additional cost for you to receive your refund.<\/p><h4>How to return products:<\/h4><p>Following what is established by Consumer Law, the shipping costs for returning products due to the right of withdrawal or items with manufacturing defects will be covered by our store through the reverse logistics process.<\/p><p>You will receive a postage authorization code by email after your return request and must post the merchandise at a Post Office. We do not cover packaging costs, so we suggest that you use the same packaging in which you received your purchase (if it is not damaged) or a suitable box that preserves the pieces during transport.<\/p><p><b>Address for product returns:<\/b><\/p><p>ZIP Code\u00a0<br \/><span style=\"color: var( --e-global-color-text ); font-family: var( --e-global-typography-text-font-family ), Sans-serif; font-weight: var( --e-global-typography-text-font-weight ); font-size: 1rem;\">Address:\u00a0<\/span><\/p><h4>Contact us:<\/h4><p>If you have any questions about our refund and return policy, please contact us via email faleconosco@betterbeef.com.br.<\/p>\t\t\t\t\t\t\t\t<\/div>\n\t\t\t\t<\/div>\n\t\t\t\t\t<\/div>\n\t\t<\/div>\n\t\t\t\t\t<\/div>\n\t\t<\/section>\n\t\t\t\t<\/div>","protected":false},"excerpt":{"rendered":"<p>POL\u00cdTICA DE TROCA \u2014 Caso voc\u00ea n\u00e3o esteja satisfeito com o produto ou tenha se arrependido da compra, voc\u00ea poder\u00e1 solicitar uma troca ou devolu\u00e7\u00e3o em at\u00e9 7 dias contados da data do recebimento do pedido no seu endere\u00e7o. Condi\u00e7\u00f5es para efetuar uma troca: Caso queira efetuar uma troca, o produto dever\u00e1 estar em perfeito [&hellip;]<\/p>","protected":false},"author":1,"featured_media":0,"parent":0,"menu_order":0,"comment_status":"closed","ping_status":"closed","template":"","meta":{"_acf_changed":false,"footnotes":""},"class_list":["post-9","page","type-page","status-publish","hentry"],"acf":[],"_links":{"self":[{"href":"https:\/\/betterbeef.com.br\/en\/wp-json\/wp\/v2\/pages\/9","targetHints":{"allow":["GET"]}}],"collection":[{"href":"https:\/\/betterbeef.com.br\/en\/wp-json\/wp\/v2\/pages"}],"about":[{"href":"https:\/\/betterbeef.com.br\/en\/wp-json\/wp\/v2\/types\/page"}],"author":[{"embeddable":true,"href":"https:\/\/betterbeef.com.br\/en\/wp-json\/wp\/v2\/users\/1"}],"replies":[{"embeddable":true,"href":"https:\/\/betterbeef.com.br\/en\/wp-json\/wp\/v2\/comments?post=9"}],"version-history":[{"count":0,"href":"https:\/\/betterbeef.com.br\/en\/wp-json\/wp\/v2\/pages\/9\/revisions"}],"wp:attachment":[{"href":"https:\/\/betterbeef.com.br\/en\/wp-json\/wp\/v2\/media?parent=9"}],"curies":[{"name":"wp","href":"https:\/\/api.w.org\/{rel}","templated":true}]}}