{"id":9,"date":"2023-05-03T01:25:09","date_gmt":"2023-05-03T04:25:09","guid":{"rendered":"https:\/\/betterbeef.com.br\/?page_id=9"},"modified":"2023-10-17T10:10:59","modified_gmt":"2023-10-17T13:10:59","slug":"politica-de-troca-e-devolucao","status":"publish","type":"page","link":"https:\/\/betterbeef.com.br\/es\/politica-de-troca-e-devolucao\/","title":{"rendered":"Pol\u00edtica de cambios y devoluciones"},"content":{"rendered":"<div data-elementor-type=\"wp-page\" data-elementor-id=\"9\" class=\"elementor elementor-9\" data-elementor-post-type=\"page\">\n\t\t\t\t\t\t<section class=\"elementor-section elementor-top-section elementor-element elementor-element-6feea8b8 elementor-section-boxed elementor-section-height-default elementor-section-height-default\" data-id=\"6feea8b8\" data-element_type=\"section\" data-e-type=\"section\">\n\t\t\t\t\t\t<div class=\"elementor-container elementor-column-gap-default\">\n\t\t\t\t\t<div class=\"elementor-column elementor-col-100 elementor-top-column elementor-element elementor-element-7d31731a\" data-id=\"7d31731a\" data-element_type=\"column\" data-e-type=\"column\">\n\t\t\t<div class=\"elementor-widget-wrap elementor-element-populated\">\n\t\t\t\t\t\t<div class=\"elementor-element elementor-element-6182de9f elementor-widget elementor-widget-text-editor\" data-id=\"6182de9f\" data-element_type=\"widget\" data-e-type=\"widget\" data-widget_type=\"text-editor.default\">\n\t\t\t\t<div class=\"elementor-widget-container\">\n\t\t\t\t\t\t\t\t\t<h3>POL\u00cdTICA CAMBIARIA \u2014 Better Beef<\/h3><p>Si no est\u00e1s satisfecho con el producto o te has arrepentido de la compra, puedes solicitar un cambio o devoluci\u00f3n dentro de los 7 d\u00edas siguientes a la fecha de recepci\u00f3n del pedido en tu domicilio.<\/p><h3>Condiciones para realizar un cambio:<\/h3><p>Si deseas cambiarlo, el producto debe estar en perfectas condiciones y sin signos de uso, es decir, en las mismas condiciones en que lo recibiste. Adem\u00e1s, es imprescindible que el art\u00edculo se encuentre en su embalaje original.<\/p><h3>C\u00f3mo solicitar un cambio:<\/h3><p>Env\u00ede un correo electr\u00f3nico a faleconosco@betterbeef.com.br, indicando su nombre completo, n\u00famero de pedido y motivo del cambio. Recibir\u00e1s un contacto nuestro con la informaci\u00f3n necesaria para realizar el intercambio.<\/p><h3>Condiciones de devoluci\u00f3n por arrepentimiento:<\/h3><p>Si te arrepientes de tu compra, tambi\u00e9n puedes devolver tu pedido dentro de los 7 d\u00edas siguientes a la fecha de recepci\u00f3n del pedido en tu direcci\u00f3n.<\/p><h3>C\u00f3mo solicitar una devoluci\u00f3n por arrepentimiento:<\/h3><p>Env\u00ede un correo electr\u00f3nico a faleconosco@betterbeef.com.br, indicando su nombre completo y n\u00famero de pedido. Recibir\u00e1 un reembolso dentro de los 30 d\u00edas posteriores a la fecha en que recibamos los productos devueltos. El importe te ser\u00e1 reembolsado mediante el mismo m\u00e9todo de pago que seleccionaste al comprar en nuestra tienda online. No habr\u00e1 ning\u00fan costo adicional para que usted reciba su reembolso.<\/p><h3>Productos con defectos de fabricaci\u00f3n:<\/h3><p>Seg\u00fan la legislaci\u00f3n brasile\u00f1a, en el caso de art\u00edculos con defectos de fabricaci\u00f3n, usted tiene derecho a solicitar la devoluci\u00f3n dentro de los 30 d\u00edas, contados a partir de la fecha de recepci\u00f3n del pedido en su domicilio.<\/p><h3>C\u00f3mo solicitar una devoluci\u00f3n por productos defectuosos:<\/h3><p>Env\u00ede un correo electr\u00f3nico a faleconosco@betterbeef.com.br, indicando su nombre completo, n\u00famero de pedido e informaci\u00f3n sobre el defecto de fabricaci\u00f3n (descripci\u00f3n con fotos o videos). Revisaremos su caso dentro de los 30 d\u00edas a partir de la fecha en que recibamos los productos devueltos. El importe te ser\u00e1 reembolsado mediante el mismo m\u00e9todo de pago que seleccionaste al comprar en nuestra tienda online. No habr\u00e1 ning\u00fan costo adicional para que usted reciba su reembolso.<\/p><h3>C\u00f3mo devolver productos:<\/h3><p>Siguiendo lo que marca la Ley de Consumo, los gastos de env\u00edo de las devoluciones de productos por derecho de desistimiento o art\u00edculos con defectos de fabricaci\u00f3n ser\u00e1n cubiertos por nuestra tienda mediante el proceso de log\u00edstica inversa.<\/p><p>Recibir\u00e1 un c\u00f3digo de autorizaci\u00f3n de env\u00edo por correo electr\u00f3nico despu\u00e9s de su solicitud de cambio o devoluci\u00f3n y deber\u00e1 publicar la mercanc\u00eda en una oficina de correos. No cubrimos gastos de embalaje, por lo que te sugerimos utilizar el mismo embalaje en el que recibiste tu compra (si no est\u00e1 da\u00f1ado) o una caja adecuada que conserve las piezas durante el transporte.<\/p><h3>\u00a0<\/h3><h3>POL\u00cdTICA DE REEMBOLSO\u00a0<\/h3><h4>C\u00f3mo solicitar una devoluci\u00f3n por arrepentimiento:<\/h4><p>Si no est\u00e1s satisfecho con el producto o te has arrepentido de la compra, puedes solicitar la devoluci\u00f3n en el plazo de 7 d\u00edas desde la fecha de recepci\u00f3n del pedido en tu domicilio.<\/p><p>Env\u00ede un correo electr\u00f3nico a faleconosco@betterbeef.com.br, indicando su nombre completo y n\u00famero de pedido. Recibir\u00e1 un reembolso dentro de los 30 d\u00edas posteriores a la fecha en que recibamos los productos devueltos. El importe te ser\u00e1 reembolsado mediante el mismo m\u00e9todo de pago que seleccionaste al comprar en nuestra tienda online. No habr\u00e1 ning\u00fan costo adicional para que usted reciba su reembolso.<\/p><h4>C\u00f3mo solicitar una devoluci\u00f3n por productos defectuosos:<\/h4><p>Seg\u00fan la legislaci\u00f3n brasile\u00f1a, en el caso de art\u00edculos con defectos de fabricaci\u00f3n, usted tiene derecho a solicitar la devoluci\u00f3n dentro de los 30 d\u00edas, contados a partir de la fecha de recepci\u00f3n del pedido en su domicilio.<\/p><p>Env\u00ede un correo electr\u00f3nico a faleconosco@betterbeef.com.br, indicando su nombre completo, n\u00famero de pedido e informaci\u00f3n sobre el defecto de fabricaci\u00f3n (descripci\u00f3n con fotos o videos). Revisaremos su caso dentro de los 30 d\u00edas a partir de la fecha en que recibamos los productos devueltos. El importe te ser\u00e1 reembolsado mediante el mismo m\u00e9todo de pago que seleccionaste al comprar en nuestra tienda online. No habr\u00e1 ning\u00fan costo adicional para que usted reciba su reembolso.<\/p><h4>C\u00f3mo devolver productos:<\/h4><p>Siguiendo lo que marca la Ley de Consumo, los gastos de env\u00edo de las devoluciones de productos por derecho de desistimiento o art\u00edculos con defectos de fabricaci\u00f3n ser\u00e1n cubiertos por nuestra tienda mediante el proceso de log\u00edstica inversa.<\/p><p>Recibir\u00e1 un c\u00f3digo de autorizaci\u00f3n de env\u00edo por correo electr\u00f3nico despu\u00e9s de su solicitud de devoluci\u00f3n y deber\u00e1 publicar la mercanc\u00eda en una oficina de correos. No cubrimos gastos de embalaje, por lo que te sugerimos utilizar el mismo embalaje en el que recibiste tu compra (si no est\u00e1 da\u00f1ado) o una caja adecuada que conserve las piezas durante el transporte.<\/p><p><b>Direcci\u00f3n para devoluciones de productos:<\/b><\/p><p>C\u00f3digo postal\u00a0<br \/><span style=\"color: var( --e-global-color-text ); font-family: var( --e-global-typography-text-font-family ), Sans-serif; font-weight: var( --e-global-typography-text-font-weight ); font-size: 1rem;\">DIRECCI\u00d3N:\u00a0<\/span><\/p><h4>Cont\u00e1ctenos:<\/h4><p>Si tiene alguna pregunta sobre nuestra pol\u00edtica de reembolsos y devoluciones, cont\u00e1ctenos por correo electr\u00f3nico faleconosco@betterbeef.com.br.<\/p>\t\t\t\t\t\t\t\t<\/div>\n\t\t\t\t<\/div>\n\t\t\t\t\t<\/div>\n\t\t<\/div>\n\t\t\t\t\t<\/div>\n\t\t<\/section>\n\t\t\t\t<\/div>","protected":false},"excerpt":{"rendered":"<p>POL\u00cdTICA DE CAMBIOS \u2014 Si no est\u00e1 satisfecho con el producto o se arrepiente de la compra, puede solicitar un cambio o devoluci\u00f3n dentro de los 7 d\u00edas siguientes a la fecha de recepci\u00f3n del pedido en su domicilio. Condiciones para realizar un cambio: Si desea realizar un cambio, el producto debe estar en perfecto estado [\u2026]<\/p>","protected":false},"author":1,"featured_media":0,"parent":0,"menu_order":0,"comment_status":"closed","ping_status":"closed","template":"","meta":{"_acf_changed":false,"footnotes":""},"class_list":["post-9","page","type-page","status-publish","hentry"],"acf":[],"_links":{"self":[{"href":"https:\/\/betterbeef.com.br\/es\/wp-json\/wp\/v2\/pages\/9","targetHints":{"allow":["GET"]}}],"collection":[{"href":"https:\/\/betterbeef.com.br\/es\/wp-json\/wp\/v2\/pages"}],"about":[{"href":"https:\/\/betterbeef.com.br\/es\/wp-json\/wp\/v2\/types\/page"}],"author":[{"embeddable":true,"href":"https:\/\/betterbeef.com.br\/es\/wp-json\/wp\/v2\/users\/1"}],"replies":[{"embeddable":true,"href":"https:\/\/betterbeef.com.br\/es\/wp-json\/wp\/v2\/comments?post=9"}],"version-history":[{"count":0,"href":"https:\/\/betterbeef.com.br\/es\/wp-json\/wp\/v2\/pages\/9\/revisions"}],"wp:attachment":[{"href":"https:\/\/betterbeef.com.br\/es\/wp-json\/wp\/v2\/media?parent=9"}],"curies":[{"name":"gracias","href":"https:\/\/api.w.org\/{rel}","templated":true}]}}