{"id":3238,"date":"2024-05-23T17:43:26","date_gmt":"2024-05-23T20:43:26","guid":{"rendered":"https:\/\/betterbeef.com.br\/?post_type=product&#038;p=3238"},"modified":"2025-03-05T15:55:48","modified_gmt":"2025-03-05T18:55:48","slug":"bife-ancho-black-maturada","status":"publish","type":"product","link":"https:\/\/betterbeef.com.br\/es\/producto\/bife-ancho-black-maturada\/","title":{"rendered":"Bife Ancho  Negro Envejecido"},"content":{"rendered":"<p><strong>Resumen t\u00e9cnico:<\/strong> El filete de ancho negro es un corte suculento y marmoleado, tomado de la parte delantera del solomillo. Su grasa intramuscular le proporciona una textura suave y un rico sabor.<\/p>\n<p>Su maduraci\u00f3n en c\u00e1mara de fr\u00edo potencia a\u00fan m\u00e1s su sabor y jugosidad.<\/p>\n<p><strong>Ganancia:<\/strong> Asa el Filete Ancho Negro en la barbacoa hasta alcanzar el punto de cocci\u00f3n deseado.<\/p>\n<p>Sirve con una generosa porci\u00f3n de chimichurri y acompa\u00f1a con papas asadas en mantequilla de romero.<\/p>","protected":false},"excerpt":{"rendered":"<p>El filete de ancho negro es un corte suculento y marmoleado, tomado de la parte delantera del solomillo. Su grasa intramuscular le proporciona una textura suave y un rico sabor.<\/p>\n<p>Su maduraci\u00f3n en c\u00e1mara de fr\u00edo potencia a\u00fan m\u00e1s su sabor y jugosidad.<\/p>","protected":false},"featured_media":3239,"template":"","meta":{"_acf_changed":false},"product_brand":[],"product_cat":[53],"product_tag":[],"class_list":{"0":"post-3238","1":"product","2":"type-product","3":"status-publish","4":"has-post-thumbnail","6":"product_cat-linha-black-maturada","8":"first","9":"instock","10":"shipping-taxable","11":"product-type-simple"},"acf":[],"_links":{"self":[{"href":"https:\/\/betterbeef.com.br\/es\/wp-json\/wp\/v2\/product\/3238","targetHints":{"allow":["GET"]}}],"collection":[{"href":"https:\/\/betterbeef.com.br\/es\/wp-json\/wp\/v2\/product"}],"about":[{"href":"https:\/\/betterbeef.com.br\/es\/wp-json\/wp\/v2\/types\/product"}],"wp:featuredmedia":[{"embeddable":true,"href":"https:\/\/betterbeef.com.br\/es\/wp-json\/wp\/v2\/media\/3239"}],"wp:attachment":[{"href":"https:\/\/betterbeef.com.br\/es\/wp-json\/wp\/v2\/media?parent=3238"}],"wp:term":[{"taxonomy":"product_brand","embeddable":true,"href":"https:\/\/betterbeef.com.br\/es\/wp-json\/wp\/v2\/product_brand?post=3238"},{"taxonomy":"product_cat","embeddable":true,"href":"https:\/\/betterbeef.com.br\/es\/wp-json\/wp\/v2\/product_cat?post=3238"},{"taxonomy":"product_tag","embeddable":true,"href":"https:\/\/betterbeef.com.br\/es\/wp-json\/wp\/v2\/product_tag?post=3238"}],"curies":[{"name":"gracias","href":"https:\/\/api.w.org\/{rel}","templated":true}]}}