{"id":3241,"date":"2024-05-23T17:59:36","date_gmt":"2024-05-23T20:59:36","guid":{"rendered":"https:\/\/betterbeef.com.br\/?post_type=product&#038;p=3241"},"modified":"2024-05-27T21:09:14","modified_gmt":"2024-05-28T00:09:14","slug":"alcatra-black-maturada","status":"publish","type":"product","link":"https:\/\/betterbeef.com.br\/es\/producto\/alcatra-black-maturada\/","title":{"rendered":"grupa negra envejecida"},"content":{"rendered":"<p><strong>Resumen t\u00e9cnico:<\/strong> Cadera com Tapilla es un corte magro y tierno, extra\u00eddo de la parte trasera del buey. Su maduraci\u00f3n en c\u00e1mara de fr\u00edo potencia su ternura y jugosidad, convirti\u00e9ndolo en una opci\u00f3n premium para barbacoas y parrilladas.<\/p>\n<p><strong>Ganancia:<\/strong> Corte el Black Rump en filetes gruesos y cocine a la parrilla en el plato caliente hasta que alcance el punto de cocci\u00f3n deseado. Sirve con salsa de champi\u00f1ones y acompa\u00f1a con ensalada de r\u00facula, tomates cherry y virutas de parmesano.<\/p>","protected":false},"excerpt":{"rendered":"<p>Cadera com Tapilla es un corte magro y tierno, extra\u00eddo de la parte trasera del buey. Su maduraci\u00f3n en c\u00e1mara de fr\u00edo potencia su ternura y jugosidad, convirti\u00e9ndolo en una opci\u00f3n premium para barbacoas y parrilladas.<\/p>","protected":false},"featured_media":3382,"template":"","meta":{"_acf_changed":false},"product_brand":[],"product_cat":[53],"product_tag":[],"class_list":{"0":"post-3241","1":"product","2":"type-product","3":"status-publish","4":"has-post-thumbnail","6":"product_cat-linha-black-maturada","8":"first","9":"instock","10":"shipping-taxable","11":"product-type-simple"},"acf":[],"_links":{"self":[{"href":"https:\/\/betterbeef.com.br\/es\/wp-json\/wp\/v2\/product\/3241","targetHints":{"allow":["GET"]}}],"collection":[{"href":"https:\/\/betterbeef.com.br\/es\/wp-json\/wp\/v2\/product"}],"about":[{"href":"https:\/\/betterbeef.com.br\/es\/wp-json\/wp\/v2\/types\/product"}],"wp:featuredmedia":[{"embeddable":true,"href":"https:\/\/betterbeef.com.br\/es\/wp-json\/wp\/v2\/media\/3382"}],"wp:attachment":[{"href":"https:\/\/betterbeef.com.br\/es\/wp-json\/wp\/v2\/media?parent=3241"}],"wp:term":[{"taxonomy":"product_brand","embeddable":true,"href":"https:\/\/betterbeef.com.br\/es\/wp-json\/wp\/v2\/product_brand?post=3241"},{"taxonomy":"product_cat","embeddable":true,"href":"https:\/\/betterbeef.com.br\/es\/wp-json\/wp\/v2\/product_cat?post=3241"},{"taxonomy":"product_tag","embeddable":true,"href":"https:\/\/betterbeef.com.br\/es\/wp-json\/wp\/v2\/product_tag?post=3241"}],"curies":[{"name":"gracias","href":"https:\/\/api.w.org\/{rel}","templated":true}]}}