{"id":3242,"date":"2024-05-23T18:02:16","date_gmt":"2024-05-23T21:02:16","guid":{"rendered":"https:\/\/betterbeef.com.br\/?post_type=product&#038;p=3242"},"modified":"2024-05-27T21:12:21","modified_gmt":"2024-05-28T00:12:21","slug":"bombom-da-alcatra-black","status":"publish","type":"product","link":"https:\/\/betterbeef.com.br\/es\/producto\/bombom-da-alcatra-black\/","title":{"rendered":"Cadera com Tapilla caramelo negro"},"content":{"rendered":"<p><strong>Resumen t\u00e9cnico:<\/strong> El Bombom da Cadera com Tapilla es un corte suave y jugoso, extra\u00eddo de la parte central de la grupa. Su maduraci\u00f3n en c\u00e1mara de fr\u00edo mejora su sabor y textura, brindando una experiencia gastron\u00f3mica premium.<\/p>\n<p><strong>Ganancia:<\/strong> Sazone el Alcatra Bombom con sal gruesa y pimienta negra. Ase en la barbacoa hasta alcanzar el punto de cocci\u00f3n deseado. Sirve en rodajas con salsa chimichurri y acompa\u00f1a con farofa de pl\u00e1tano macho.<\/p>","protected":false},"excerpt":{"rendered":"<p>El Bombom da Cadera com Tapilla es un corte suave y jugoso, extra\u00eddo de la parte central de la grupa. Su maduraci\u00f3n en c\u00e1mara de fr\u00edo mejora su sabor y textura, brindando una experiencia gastron\u00f3mica premium.<\/p>\n<p>&nbsp;<\/p>","protected":false},"featured_media":3384,"template":"","meta":{"_acf_changed":false},"product_brand":[],"product_cat":[53],"product_tag":[],"class_list":{"0":"post-3242","1":"product","2":"type-product","3":"status-publish","4":"has-post-thumbnail","6":"product_cat-linha-black-maturada","8":"first","9":"instock","10":"shipping-taxable","11":"product-type-simple"},"acf":[],"_links":{"self":[{"href":"https:\/\/betterbeef.com.br\/es\/wp-json\/wp\/v2\/product\/3242","targetHints":{"allow":["GET"]}}],"collection":[{"href":"https:\/\/betterbeef.com.br\/es\/wp-json\/wp\/v2\/product"}],"about":[{"href":"https:\/\/betterbeef.com.br\/es\/wp-json\/wp\/v2\/types\/product"}],"wp:featuredmedia":[{"embeddable":true,"href":"https:\/\/betterbeef.com.br\/es\/wp-json\/wp\/v2\/media\/3384"}],"wp:attachment":[{"href":"https:\/\/betterbeef.com.br\/es\/wp-json\/wp\/v2\/media?parent=3242"}],"wp:term":[{"taxonomy":"product_brand","embeddable":true,"href":"https:\/\/betterbeef.com.br\/es\/wp-json\/wp\/v2\/product_brand?post=3242"},{"taxonomy":"product_cat","embeddable":true,"href":"https:\/\/betterbeef.com.br\/es\/wp-json\/wp\/v2\/product_cat?post=3242"},{"taxonomy":"product_tag","embeddable":true,"href":"https:\/\/betterbeef.com.br\/es\/wp-json\/wp\/v2\/product_tag?post=3242"}],"curies":[{"name":"gracias","href":"https:\/\/api.w.org\/{rel}","templated":true}]}}