{"id":3446,"date":"2024-05-27T21:25:56","date_gmt":"2024-05-28T00:25:56","guid":{"rendered":"https:\/\/betterbeef.com.br\/?post_type=product&#038;p=3446"},"modified":"2025-03-05T15:59:26","modified_gmt":"2025-03-05T18:59:26","slug":"granito-black","status":"publish","type":"product","link":"https:\/\/betterbeef.com.br\/es\/producto\/granito-black\/","title":{"rendered":"Granito negro"},"content":{"rendered":"<p><strong>Resumen t\u00e9cnico: <\/strong>El Granito Negro es un corte jugoso y sabroso, extra\u00eddo de la pechuga de res. Su maduraci\u00f3n en c\u00e1mara de fr\u00edo realza su sabor, convirti\u00e9ndolo en una opci\u00f3n premium para barbacoas y parrillas.<\/p>\n<p><strong>Ganancia:<\/strong> Sazona el Granito Negro con sal gorda y pimienta negra. Ase en la barbacoa hasta el punto deseado. Sirva con pur\u00e9 de papas y salsa de mostaza y miel.<\/p>","protected":false},"excerpt":{"rendered":"<p data-pm-slice=\"1 1 []\">El Granito Negro es un corte jugoso y sabroso, extra\u00eddo de la pechuga de res. Su maduraci\u00f3n en c\u00e1mara de fr\u00edo realza su sabor, convirti\u00e9ndolo en una opci\u00f3n premium para barbacoas y parrillas.<\/p>","protected":false},"featured_media":3389,"template":"","meta":{"_acf_changed":false},"product_brand":[],"product_cat":[53],"product_tag":[],"class_list":{"0":"post-3446","1":"product","2":"type-product","3":"status-publish","4":"has-post-thumbnail","6":"product_cat-linha-black-maturada","8":"first","9":"instock","10":"shipping-taxable","11":"product-type-simple"},"acf":[],"_links":{"self":[{"href":"https:\/\/betterbeef.com.br\/es\/wp-json\/wp\/v2\/product\/3446","targetHints":{"allow":["GET"]}}],"collection":[{"href":"https:\/\/betterbeef.com.br\/es\/wp-json\/wp\/v2\/product"}],"about":[{"href":"https:\/\/betterbeef.com.br\/es\/wp-json\/wp\/v2\/types\/product"}],"wp:featuredmedia":[{"embeddable":true,"href":"https:\/\/betterbeef.com.br\/es\/wp-json\/wp\/v2\/media\/3389"}],"wp:attachment":[{"href":"https:\/\/betterbeef.com.br\/es\/wp-json\/wp\/v2\/media?parent=3446"}],"wp:term":[{"taxonomy":"product_brand","embeddable":true,"href":"https:\/\/betterbeef.com.br\/es\/wp-json\/wp\/v2\/product_brand?post=3446"},{"taxonomy":"product_cat","embeddable":true,"href":"https:\/\/betterbeef.com.br\/es\/wp-json\/wp\/v2\/product_cat?post=3446"},{"taxonomy":"product_tag","embeddable":true,"href":"https:\/\/betterbeef.com.br\/es\/wp-json\/wp\/v2\/product_tag?post=3446"}],"curies":[{"name":"gracias","href":"https:\/\/api.w.org\/{rel}","templated":true}]}}