{"id":3447,"date":"2024-05-27T21:28:10","date_gmt":"2024-05-28T00:28:10","guid":{"rendered":"https:\/\/betterbeef.com.br\/?post_type=product&#038;p=3447"},"modified":"2024-05-27T21:28:10","modified_gmt":"2024-05-28T00:28:10","slug":"maminha-black","status":"publish","type":"product","link":"https:\/\/betterbeef.com.br\/es\/producto\/maminha-black\/","title":{"rendered":"Colita de Cuadril"},"content":{"rendered":"<p><strong>Resumen t\u00e9cnico:<\/strong> Colita de Cuadril  Black es un corte tierno y jugoso, extra\u00eddo de la parte trasera del buey. Su maduraci\u00f3n en c\u00e1mara de fr\u00edo intensifica su sabor y textura, convirti\u00e9ndolo en una opci\u00f3n premium para barbacoas y parrilladas.<br \/>\n<strong>Ganancia:<\/strong> Sazone la Maminha Black con sal gruesa y pimienta negra. Ase en la barbacoa hasta alcanzar el punto de cocci\u00f3n deseado. Servir con farofa de pl\u00e1tano y salsa chimichurri.<\/p>","protected":false},"excerpt":{"rendered":"<p>Colita de Cuadril  Black es un corte tierno y jugoso, extra\u00eddo de la parte trasera del buey. Su maduraci\u00f3n en c\u00e1mara de fr\u00edo intensifica su sabor y textura, convirti\u00e9ndolo en una opci\u00f3n premium para barbacoas y parrilladas.<\/p>","protected":false},"featured_media":3390,"template":"","meta":{"_acf_changed":false},"product_brand":[],"product_cat":[53],"product_tag":[],"class_list":{"0":"post-3447","1":"product","2":"type-product","3":"status-publish","4":"has-post-thumbnail","6":"product_cat-linha-black-maturada","8":"first","9":"instock","10":"shipping-taxable","11":"product-type-simple"},"acf":[],"_links":{"self":[{"href":"https:\/\/betterbeef.com.br\/es\/wp-json\/wp\/v2\/product\/3447","targetHints":{"allow":["GET"]}}],"collection":[{"href":"https:\/\/betterbeef.com.br\/es\/wp-json\/wp\/v2\/product"}],"about":[{"href":"https:\/\/betterbeef.com.br\/es\/wp-json\/wp\/v2\/types\/product"}],"wp:featuredmedia":[{"embeddable":true,"href":"https:\/\/betterbeef.com.br\/es\/wp-json\/wp\/v2\/media\/3390"}],"wp:attachment":[{"href":"https:\/\/betterbeef.com.br\/es\/wp-json\/wp\/v2\/media?parent=3447"}],"wp:term":[{"taxonomy":"product_brand","embeddable":true,"href":"https:\/\/betterbeef.com.br\/es\/wp-json\/wp\/v2\/product_brand?post=3447"},{"taxonomy":"product_cat","embeddable":true,"href":"https:\/\/betterbeef.com.br\/es\/wp-json\/wp\/v2\/product_cat?post=3447"},{"taxonomy":"product_tag","embeddable":true,"href":"https:\/\/betterbeef.com.br\/es\/wp-json\/wp\/v2\/product_tag?post=3447"}],"curies":[{"name":"gracias","href":"https:\/\/api.w.org\/{rel}","templated":true}]}}