{"id":3449,"date":"2024-05-27T21:34:37","date_gmt":"2024-05-28T00:34:37","guid":{"rendered":"https:\/\/betterbeef.com.br\/?post_type=product&#038;p=3449"},"modified":"2024-05-27T21:34:37","modified_gmt":"2024-05-28T00:34:37","slug":"ponta-de-peito-black","status":"publish","type":"product","link":"https:\/\/betterbeef.com.br\/es\/producto\/ponta-de-peito-black\/","title":{"rendered":"Punta del pecho negra"},"content":{"rendered":"<p><strong>Resumen t\u00e9cnico:<\/strong> La Punta de Pechuga Negra es un corte jugoso y sabroso, extra\u00eddo de la parte delantera del buey. Su maduraci\u00f3n en c\u00e1mara de fr\u00edo intensifica su sabor y textura, haci\u00e9ndolo ideal para barbacoas y asados.<br \/>\n<strong>Ganancia:<\/strong> Sazona la Ponta de Peito Negra con una mezcla de sal, ajo, piment\u00f3n y pimienta. Ase lentamente a la parrilla o en el horno hasta que est\u00e9n tiernos. Servir en rodajas con yuca cocida.<\/p>","protected":false},"excerpt":{"rendered":"<p>La Punta de Pechuga Negra es un corte jugoso y sabroso, extra\u00eddo de la parte delantera del buey. Su maduraci\u00f3n en c\u00e1mara de fr\u00edo intensifica su sabor y textura, haci\u00e9ndolo ideal para barbacoas y asados.<\/p>","protected":false},"featured_media":3392,"template":"","meta":{"_acf_changed":false},"product_brand":[],"product_cat":[53],"product_tag":[],"class_list":{"0":"post-3449","1":"product","2":"type-product","3":"status-publish","4":"has-post-thumbnail","6":"product_cat-linha-black-maturada","8":"first","9":"instock","10":"shipping-taxable","11":"product-type-simple"},"acf":[],"_links":{"self":[{"href":"https:\/\/betterbeef.com.br\/es\/wp-json\/wp\/v2\/product\/3449","targetHints":{"allow":["GET"]}}],"collection":[{"href":"https:\/\/betterbeef.com.br\/es\/wp-json\/wp\/v2\/product"}],"about":[{"href":"https:\/\/betterbeef.com.br\/es\/wp-json\/wp\/v2\/types\/product"}],"wp:featuredmedia":[{"embeddable":true,"href":"https:\/\/betterbeef.com.br\/es\/wp-json\/wp\/v2\/media\/3392"}],"wp:attachment":[{"href":"https:\/\/betterbeef.com.br\/es\/wp-json\/wp\/v2\/media?parent=3449"}],"wp:term":[{"taxonomy":"product_brand","embeddable":true,"href":"https:\/\/betterbeef.com.br\/es\/wp-json\/wp\/v2\/product_brand?post=3449"},{"taxonomy":"product_cat","embeddable":true,"href":"https:\/\/betterbeef.com.br\/es\/wp-json\/wp\/v2\/product_cat?post=3449"},{"taxonomy":"product_tag","embeddable":true,"href":"https:\/\/betterbeef.com.br\/es\/wp-json\/wp\/v2\/product_tag?post=3449"}],"curies":[{"name":"gracias","href":"https:\/\/api.w.org\/{rel}","templated":true}]}}