{"id":3452,"date":"2024-05-27T22:15:37","date_gmt":"2024-05-28T01:15:37","guid":{"rendered":"https:\/\/betterbeef.com.br\/?post_type=product&#038;p=3452"},"modified":"2025-03-05T10:58:44","modified_gmt":"2025-03-05T13:58:44","slug":"contra-file-bom-preco","status":"publish","type":"product","link":"https:\/\/betterbeef.com.br\/es\/producto\/contra-file-bom-preco\/","title":{"rendered":"Solomillo Buen Precio"},"content":{"rendered":"<p><strong>Resumen t\u00e9cnico:<\/strong> El Solomillo Bom Pre\u00e7o es un corte suculento y sabroso, extra\u00eddo de la parte delantera del solomillo.<\/p>\n<p><strong>Ganancia:<\/strong> Sazonar el Solomillo Bom Pre\u00e7o con una mezcla de sal, ajo, piment\u00f3n y pimienta. Asar en la barbacoa hasta conseguir el punto deseado. Servir con patatas r\u00fasticas asadas y salsa chimichurri.<\/p>","protected":false},"excerpt":{"rendered":"<p>El Solomillo Bom Pre\u00e7o es un corte suculento y sabroso, extra\u00eddo de la parte delantera del solomillo.<\/p>","protected":false},"featured_media":3395,"template":"","meta":{"_acf_changed":false},"product_brand":[],"product_cat":[69],"product_tag":[],"class_list":{"0":"post-3452","1":"product","2":"type-product","3":"status-publish","4":"has-post-thumbnail","6":"product_cat-bom-preco","8":"first","9":"instock","10":"shipping-taxable","11":"product-type-simple"},"acf":[],"_links":{"self":[{"href":"https:\/\/betterbeef.com.br\/es\/wp-json\/wp\/v2\/product\/3452","targetHints":{"allow":["GET"]}}],"collection":[{"href":"https:\/\/betterbeef.com.br\/es\/wp-json\/wp\/v2\/product"}],"about":[{"href":"https:\/\/betterbeef.com.br\/es\/wp-json\/wp\/v2\/types\/product"}],"wp:featuredmedia":[{"embeddable":true,"href":"https:\/\/betterbeef.com.br\/es\/wp-json\/wp\/v2\/media\/3395"}],"wp:attachment":[{"href":"https:\/\/betterbeef.com.br\/es\/wp-json\/wp\/v2\/media?parent=3452"}],"wp:term":[{"taxonomy":"product_brand","embeddable":true,"href":"https:\/\/betterbeef.com.br\/es\/wp-json\/wp\/v2\/product_brand?post=3452"},{"taxonomy":"product_cat","embeddable":true,"href":"https:\/\/betterbeef.com.br\/es\/wp-json\/wp\/v2\/product_cat?post=3452"},{"taxonomy":"product_tag","embeddable":true,"href":"https:\/\/betterbeef.com.br\/es\/wp-json\/wp\/v2\/product_tag?post=3452"}],"curies":[{"name":"gracias","href":"https:\/\/api.w.org\/{rel}","templated":true}]}}