{"id":3453,"date":"2024-05-27T22:18:52","date_gmt":"2024-05-28T01:18:52","guid":{"rendered":"https:\/\/betterbeef.com.br\/?post_type=product&#038;p=3453"},"modified":"2025-03-05T10:50:44","modified_gmt":"2025-03-05T13:50:44","slug":"coxao-duro-bom-preco","status":"publish","type":"product","link":"https:\/\/betterbeef.com.br\/es\/producto\/coxao-duro-bom-preco\/","title":{"rendered":"Cuadrada buen precio"},"content":{"rendered":"<p><strong>Resumen t\u00e9cnico:<\/strong> El Cox\u00e3o Duro Bom Pre\u00e7o es un corte suculento y sabroso, extra\u00eddo de la parte trasera del buey.<\/p>\n<p><strong>Ganancia:<\/strong> Sazone el Cox\u00e3o Duro Buen Precio con sal gruesa y pimienta negra. Ase lentamente a la parrilla o en el horno hasta que est\u00e9n tiernos. Servir en rodajas con yuca cocida y salsa rapadura con cacha\u00e7a.<\/p>","protected":false},"excerpt":{"rendered":"<p>El Cox\u00e3o Duro Bom Pre\u00e7o es un corte suculento y sabroso, extra\u00eddo de la parte trasera del buey.<\/p>","protected":false},"featured_media":3396,"template":"","meta":{"_acf_changed":false},"product_brand":[],"product_cat":[69],"product_tag":[],"class_list":{"0":"post-3453","1":"product","2":"type-product","3":"status-publish","4":"has-post-thumbnail","6":"product_cat-bom-preco","8":"first","9":"instock","10":"shipping-taxable","11":"product-type-simple"},"acf":[],"_links":{"self":[{"href":"https:\/\/betterbeef.com.br\/es\/wp-json\/wp\/v2\/product\/3453","targetHints":{"allow":["GET"]}}],"collection":[{"href":"https:\/\/betterbeef.com.br\/es\/wp-json\/wp\/v2\/product"}],"about":[{"href":"https:\/\/betterbeef.com.br\/es\/wp-json\/wp\/v2\/types\/product"}],"wp:featuredmedia":[{"embeddable":true,"href":"https:\/\/betterbeef.com.br\/es\/wp-json\/wp\/v2\/media\/3396"}],"wp:attachment":[{"href":"https:\/\/betterbeef.com.br\/es\/wp-json\/wp\/v2\/media?parent=3453"}],"wp:term":[{"taxonomy":"product_brand","embeddable":true,"href":"https:\/\/betterbeef.com.br\/es\/wp-json\/wp\/v2\/product_brand?post=3453"},{"taxonomy":"product_cat","embeddable":true,"href":"https:\/\/betterbeef.com.br\/es\/wp-json\/wp\/v2\/product_cat?post=3453"},{"taxonomy":"product_tag","embeddable":true,"href":"https:\/\/betterbeef.com.br\/es\/wp-json\/wp\/v2\/product_tag?post=3453"}],"curies":[{"name":"gracias","href":"https:\/\/api.w.org\/{rel}","templated":true}]}}