{"id":3456,"date":"2024-05-27T22:30:50","date_gmt":"2024-05-28T01:30:50","guid":{"rendered":"https:\/\/betterbeef.com.br\/?post_type=product&#038;p=3456"},"modified":"2025-03-05T10:48:30","modified_gmt":"2025-03-05T13:48:30","slug":"fralda-bom-preco","status":"publish","type":"product","link":"https:\/\/betterbeef.com.br\/es\/producto\/fralda-bom-preco\/","title":{"rendered":"Entra\u00f1a Final buen precio"},"content":{"rendered":"<p><strong>Resumen t\u00e9cnico:<\/strong> La Fralda de Buen Precio es un corte fino y suculento, extra\u00eddo de la parte abdominal del buey.<\/p>\n<p><strong>Ganancia:<\/strong> Marina el Pa\u00f1al Buen Precio con una mezcla de jugo de lim\u00f3n, ajo, sal y pimienta. Ase r\u00e1pidamente en la barbacoa hasta que est\u00e9 cocido. Cortar en rodajas finas y servir con huevo rallado y vinagreta.<\/p>","protected":false},"excerpt":{"rendered":"<p>La Fralda de Buen Precio es un corte fino y suculento, extra\u00eddo de la parte abdominal del buey.<\/p>","protected":false},"featured_media":3399,"template":"","meta":{"_acf_changed":false},"product_brand":[],"product_cat":[69],"product_tag":[],"class_list":{"0":"post-3456","1":"product","2":"type-product","3":"status-publish","4":"has-post-thumbnail","6":"product_cat-bom-preco","8":"first","9":"instock","10":"shipping-taxable","11":"product-type-simple"},"acf":[],"_links":{"self":[{"href":"https:\/\/betterbeef.com.br\/es\/wp-json\/wp\/v2\/product\/3456","targetHints":{"allow":["GET"]}}],"collection":[{"href":"https:\/\/betterbeef.com.br\/es\/wp-json\/wp\/v2\/product"}],"about":[{"href":"https:\/\/betterbeef.com.br\/es\/wp-json\/wp\/v2\/types\/product"}],"wp:featuredmedia":[{"embeddable":true,"href":"https:\/\/betterbeef.com.br\/es\/wp-json\/wp\/v2\/media\/3399"}],"wp:attachment":[{"href":"https:\/\/betterbeef.com.br\/es\/wp-json\/wp\/v2\/media?parent=3456"}],"wp:term":[{"taxonomy":"product_brand","embeddable":true,"href":"https:\/\/betterbeef.com.br\/es\/wp-json\/wp\/v2\/product_brand?post=3456"},{"taxonomy":"product_cat","embeddable":true,"href":"https:\/\/betterbeef.com.br\/es\/wp-json\/wp\/v2\/product_cat?post=3456"},{"taxonomy":"product_tag","embeddable":true,"href":"https:\/\/betterbeef.com.br\/es\/wp-json\/wp\/v2\/product_tag?post=3456"}],"curies":[{"name":"gracias","href":"https:\/\/api.w.org\/{rel}","templated":true}]}}