{"id":3457,"date":"2024-05-27T22:34:50","date_gmt":"2024-05-28T01:34:50","guid":{"rendered":"https:\/\/betterbeef.com.br\/?post_type=product&#038;p=3457"},"modified":"2025-03-05T10:47:51","modified_gmt":"2025-03-05T13:47:51","slug":"coxao-mole-bom-preco","status":"publish","type":"product","link":"https:\/\/betterbeef.com.br\/es\/producto\/coxao-mole-bom-preco\/","title":{"rendered":"Nalga de Adentro Buen Precio"},"content":{"rendered":"<p><strong>Resumen t\u00e9cnico:<\/strong> Cox\u00e3o Mole Bom Pre\u00e7o es un corte tierno y suculento, extra\u00eddo de la parte trasera del buey.<\/p>\n<p><strong>Ganancia:<\/strong> Sazone el Cox\u00e3o Mole Bom Price con una mezcla de hierbas, ajo y pimienta. Ase en la barbacoa hasta alcanzar el punto de cocci\u00f3n deseado. Sirve en rodajas y acompa\u00f1a con vegetales asados y salsa de hierbas frescas.<\/p>","protected":false},"excerpt":{"rendered":"<p>Cox\u00e3o Mole Bom Pre\u00e7o es un corte tierno y suculento, extra\u00eddo de la parte trasera del buey.<\/p>","protected":false},"featured_media":3397,"template":"","meta":{"_acf_changed":false},"product_brand":[],"product_cat":[69],"product_tag":[],"class_list":{"0":"post-3457","1":"product","2":"type-product","3":"status-publish","4":"has-post-thumbnail","6":"product_cat-bom-preco","8":"first","9":"instock","10":"shipping-taxable","11":"product-type-simple"},"acf":[],"_links":{"self":[{"href":"https:\/\/betterbeef.com.br\/es\/wp-json\/wp\/v2\/product\/3457","targetHints":{"allow":["GET"]}}],"collection":[{"href":"https:\/\/betterbeef.com.br\/es\/wp-json\/wp\/v2\/product"}],"about":[{"href":"https:\/\/betterbeef.com.br\/es\/wp-json\/wp\/v2\/types\/product"}],"wp:featuredmedia":[{"embeddable":true,"href":"https:\/\/betterbeef.com.br\/es\/wp-json\/wp\/v2\/media\/3397"}],"wp:attachment":[{"href":"https:\/\/betterbeef.com.br\/es\/wp-json\/wp\/v2\/media?parent=3457"}],"wp:term":[{"taxonomy":"product_brand","embeddable":true,"href":"https:\/\/betterbeef.com.br\/es\/wp-json\/wp\/v2\/product_brand?post=3457"},{"taxonomy":"product_cat","embeddable":true,"href":"https:\/\/betterbeef.com.br\/es\/wp-json\/wp\/v2\/product_cat?post=3457"},{"taxonomy":"product_tag","embeddable":true,"href":"https:\/\/betterbeef.com.br\/es\/wp-json\/wp\/v2\/product_tag?post=3457"}],"curies":[{"name":"gracias","href":"https:\/\/api.w.org\/{rel}","templated":true}]}}