{"id":3458,"date":"2024-05-28T08:43:59","date_gmt":"2024-05-28T11:43:59","guid":{"rendered":"https:\/\/betterbeef.com.br\/?post_type=product&#038;p=3458"},"modified":"2025-03-05T15:54:32","modified_gmt":"2025-03-05T18:54:32","slug":"bife-ancho-grill","status":"publish","type":"product","link":"https:\/\/betterbeef.com.br\/es\/producto\/bife-ancho-grill\/","title":{"rendered":"Bife Ancho  A La Parrilla"},"content":{"rendered":"<p><strong>Resumen t\u00e9cnico: <\/strong>El filete de ancho es un corte suculento y marmoleado, tomado de la parte delantera del solomillo. Su grasa intramuscular le proporciona una textura suave y un rico sabor.<\/p>\n<p><strong>Ganancia:<\/strong> Sazone el Filete Ancho con sal gruesa y cocine a la parrilla hasta que alcance el punto de cocci\u00f3n deseado. Sirve con salsa chimichurri y papas r\u00fasticas para acompa\u00f1ar.<\/p>","protected":false},"excerpt":{"rendered":"<p data-pm-slice=\"1 1 []\">El filete de ancho es un corte suculento y marmoleado, tomado de la parte delantera del solomillo. Su grasa intramuscular le proporciona una textura suave y un rico sabor.<\/p>","protected":false},"featured_media":3406,"template":"","meta":{"_acf_changed":false},"product_brand":[],"product_cat":[15],"product_tag":[],"class_list":{"0":"post-3458","1":"product","2":"type-product","3":"status-publish","4":"has-post-thumbnail","6":"product_cat-linha-grill","8":"first","9":"instock","10":"shipping-taxable","11":"product-type-simple"},"acf":[],"_links":{"self":[{"href":"https:\/\/betterbeef.com.br\/es\/wp-json\/wp\/v2\/product\/3458","targetHints":{"allow":["GET"]}}],"collection":[{"href":"https:\/\/betterbeef.com.br\/es\/wp-json\/wp\/v2\/product"}],"about":[{"href":"https:\/\/betterbeef.com.br\/es\/wp-json\/wp\/v2\/types\/product"}],"wp:featuredmedia":[{"embeddable":true,"href":"https:\/\/betterbeef.com.br\/es\/wp-json\/wp\/v2\/media\/3406"}],"wp:attachment":[{"href":"https:\/\/betterbeef.com.br\/es\/wp-json\/wp\/v2\/media?parent=3458"}],"wp:term":[{"taxonomy":"product_brand","embeddable":true,"href":"https:\/\/betterbeef.com.br\/es\/wp-json\/wp\/v2\/product_brand?post=3458"},{"taxonomy":"product_cat","embeddable":true,"href":"https:\/\/betterbeef.com.br\/es\/wp-json\/wp\/v2\/product_cat?post=3458"},{"taxonomy":"product_tag","embeddable":true,"href":"https:\/\/betterbeef.com.br\/es\/wp-json\/wp\/v2\/product_tag?post=3458"}],"curies":[{"name":"gracias","href":"https:\/\/api.w.org\/{rel}","templated":true}]}}