{"id":3463,"date":"2024-05-28T09:02:54","date_gmt":"2024-05-28T12:02:54","guid":{"rendered":"https:\/\/betterbeef.com.br\/?post_type=product&#038;p=3463"},"modified":"2024-05-28T09:29:05","modified_gmt":"2024-05-28T12:29:05","slug":"fraldinha-grill","status":"publish","type":"product","link":"https:\/\/betterbeef.com.br\/es\/producto\/fraldinha-grill\/","title":{"rendered":"Entra\u00f1a Fina de pa\u00f1ales"},"content":{"rendered":"<p><strong>Resumen t\u00e9cnico:<\/strong> La Entra\u00f1a Fina de res es un corte jugoso y sabroso, con fibras largas y una textura suave. Ideal para parrilladas y barbacoas.<\/p>\n<p><strong>Ganancia:<\/strong> Sazone la arrachera con sal gruesa y pimienta, cocine a la parrilla hasta el punto deseado y sirva con arroz carreteiro y vinagreta.<\/p>","protected":false},"excerpt":{"rendered":"<p>La Entra\u00f1a Fina de res es un corte jugoso y sabroso, con fibras largas y una textura suave. Ideal para parrilladas y barbacoas.<\/p>\n<p>&nbsp;<\/p>","protected":false},"featured_media":3410,"template":"","meta":{"_acf_changed":false},"product_brand":[],"product_cat":[15],"product_tag":[],"class_list":{"0":"post-3463","1":"product","2":"type-product","3":"status-publish","4":"has-post-thumbnail","6":"product_cat-linha-grill","8":"first","9":"instock","10":"shipping-taxable","11":"product-type-simple"},"acf":[],"_links":{"self":[{"href":"https:\/\/betterbeef.com.br\/es\/wp-json\/wp\/v2\/product\/3463","targetHints":{"allow":["GET"]}}],"collection":[{"href":"https:\/\/betterbeef.com.br\/es\/wp-json\/wp\/v2\/product"}],"about":[{"href":"https:\/\/betterbeef.com.br\/es\/wp-json\/wp\/v2\/types\/product"}],"wp:featuredmedia":[{"embeddable":true,"href":"https:\/\/betterbeef.com.br\/es\/wp-json\/wp\/v2\/media\/3410"}],"wp:attachment":[{"href":"https:\/\/betterbeef.com.br\/es\/wp-json\/wp\/v2\/media?parent=3463"}],"wp:term":[{"taxonomy":"product_brand","embeddable":true,"href":"https:\/\/betterbeef.com.br\/es\/wp-json\/wp\/v2\/product_brand?post=3463"},{"taxonomy":"product_cat","embeddable":true,"href":"https:\/\/betterbeef.com.br\/es\/wp-json\/wp\/v2\/product_cat?post=3463"},{"taxonomy":"product_tag","embeddable":true,"href":"https:\/\/betterbeef.com.br\/es\/wp-json\/wp\/v2\/product_tag?post=3463"}],"curies":[{"name":"gracias","href":"https:\/\/api.w.org\/{rel}","templated":true}]}}