{"id":3468,"date":"2024-05-28T09:53:48","date_gmt":"2024-05-28T12:53:48","guid":{"rendered":"https:\/\/betterbeef.com.br\/?post_type=product&#038;p=3468"},"modified":"2024-05-28T09:53:48","modified_gmt":"2024-05-28T12:53:48","slug":"coxao-duro-better","status":"publish","type":"product","link":"https:\/\/betterbeef.com.br\/es\/producto\/coxao-duro-better\/","title":{"rendered":"Cuadrada Mejor"},"content":{"rendered":"<p><strong>Resumen t\u00e9cnico:<\/strong> Cuadrada es un corte de carne de res con fibras m\u00e1s firmes, ideal para asados y cocciones lentas.<\/p>\n<p><strong>Ganancia:<\/strong> Prepara un delicioso guiso de Cox\u00e3o Duro con verduras, vino tinto, caldo de carne y hierbas arom\u00e1ticas, s\u00edrvelo con pur\u00e9 de patatas.<\/p>","protected":false},"excerpt":{"rendered":"<p>Cuadrada es un corte de carne de res con fibras m\u00e1s firmes, ideal para asados y cocciones lentas.<\/p>","protected":false},"featured_media":3432,"template":"","meta":{"_acf_changed":false},"product_brand":[],"product_cat":[63],"product_tag":[],"class_list":{"0":"post-3468","1":"product","2":"type-product","3":"status-publish","4":"has-post-thumbnail","6":"product_cat-linha-better","8":"first","9":"instock","10":"shipping-taxable","11":"product-type-simple"},"acf":[],"_links":{"self":[{"href":"https:\/\/betterbeef.com.br\/es\/wp-json\/wp\/v2\/product\/3468","targetHints":{"allow":["GET"]}}],"collection":[{"href":"https:\/\/betterbeef.com.br\/es\/wp-json\/wp\/v2\/product"}],"about":[{"href":"https:\/\/betterbeef.com.br\/es\/wp-json\/wp\/v2\/types\/product"}],"wp:featuredmedia":[{"embeddable":true,"href":"https:\/\/betterbeef.com.br\/es\/wp-json\/wp\/v2\/media\/3432"}],"wp:attachment":[{"href":"https:\/\/betterbeef.com.br\/es\/wp-json\/wp\/v2\/media?parent=3468"}],"wp:term":[{"taxonomy":"product_brand","embeddable":true,"href":"https:\/\/betterbeef.com.br\/es\/wp-json\/wp\/v2\/product_brand?post=3468"},{"taxonomy":"product_cat","embeddable":true,"href":"https:\/\/betterbeef.com.br\/es\/wp-json\/wp\/v2\/product_cat?post=3468"},{"taxonomy":"product_tag","embeddable":true,"href":"https:\/\/betterbeef.com.br\/es\/wp-json\/wp\/v2\/product_tag?post=3468"}],"curies":[{"name":"gracias","href":"https:\/\/api.w.org\/{rel}","templated":true}]}}