{"id":3481,"date":"2024-05-28T10:36:21","date_gmt":"2024-05-28T13:36:21","guid":{"rendered":"https:\/\/betterbeef.com.br\/?post_type=product&#038;p=3481"},"modified":"2024-05-28T10:36:21","modified_gmt":"2024-05-28T13:36:21","slug":"selecao-de-picanhas","status":"publish","type":"product","link":"https:\/\/betterbeef.com.br\/es\/producto\/selecao-de-picanhas\/","title":{"rendered":"Selecci\u00f3n de Tapa de Cuadril"},"content":{"rendered":"<p>El kit de colecci\u00f3n de Tapa de Cuadril de la l\u00ednea Grill es una incre\u00edble opci\u00f3n para los entusiastas de la barbacoa que desean disfrutar de una variedad de sabores y texturas en un solo paquete. Normalmente, este kit contiene tres piezas de picanha de la l\u00ednea Grill, cada una con sus caracter\u00edsticas \u00fanicas de sabor y calidad.<\/p>","protected":false},"excerpt":{"rendered":"<p>El kit de colecci\u00f3n de Tapa de Cuadril de la l\u00ednea Grill es una incre\u00edble opci\u00f3n para los entusiastas de la barbacoa que desean disfrutar de una variedad de sabores y texturas en un solo paquete. Normalmente, este kit contiene tres piezas de picanha de la l\u00ednea Grill, cada una con sus caracter\u00edsticas \u00fanicas de sabor y calidad.<\/p>","protected":false},"featured_media":3331,"template":"","meta":{"_acf_changed":false},"product_brand":[],"product_cat":[64],"product_tag":[],"class_list":{"0":"post-3481","1":"product","2":"type-product","3":"status-publish","4":"has-post-thumbnail","6":"product_cat-kit-selecao-de-picanhas","8":"first","9":"instock","10":"shipping-taxable","11":"product-type-simple"},"acf":[],"_links":{"self":[{"href":"https:\/\/betterbeef.com.br\/es\/wp-json\/wp\/v2\/product\/3481","targetHints":{"allow":["GET"]}}],"collection":[{"href":"https:\/\/betterbeef.com.br\/es\/wp-json\/wp\/v2\/product"}],"about":[{"href":"https:\/\/betterbeef.com.br\/es\/wp-json\/wp\/v2\/types\/product"}],"wp:featuredmedia":[{"embeddable":true,"href":"https:\/\/betterbeef.com.br\/es\/wp-json\/wp\/v2\/media\/3331"}],"wp:attachment":[{"href":"https:\/\/betterbeef.com.br\/es\/wp-json\/wp\/v2\/media?parent=3481"}],"wp:term":[{"taxonomy":"product_brand","embeddable":true,"href":"https:\/\/betterbeef.com.br\/es\/wp-json\/wp\/v2\/product_brand?post=3481"},{"taxonomy":"product_cat","embeddable":true,"href":"https:\/\/betterbeef.com.br\/es\/wp-json\/wp\/v2\/product_cat?post=3481"},{"taxonomy":"product_tag","embeddable":true,"href":"https:\/\/betterbeef.com.br\/es\/wp-json\/wp\/v2\/product_tag?post=3481"}],"curies":[{"name":"gracias","href":"https:\/\/api.w.org\/{rel}","templated":true}]}}