{"id":3485,"date":"2024-05-28T10:47:35","date_gmt":"2024-05-28T13:47:35","guid":{"rendered":"https:\/\/betterbeef.com.br\/?post_type=product&#038;p=3485"},"modified":"2024-05-28T10:47:36","modified_gmt":"2024-05-28T13:47:36","slug":"coletanea-do-churrasco","status":"publish","type":"product","link":"https:\/\/betterbeef.com.br\/es\/producto\/coletanea-do-churrasco\/","title":{"rendered":"Colecci\u00f3n Barbacoa"},"content":{"rendered":"<p>El kit de colecci\u00f3n Barbecue Grill es una excelente opci\u00f3n para cualquier persona que ama la barbacoa. Este set incluye cuatro cortes de carne diferentes: picanha, pa\u00f1al, filete ancho y filete de chorizo. Cada corte tiene un sabor \u00fanico y se puede preparar de varias formas, como por ejemplo en la barbacoa o en la sart\u00e9n. Con este kit tendr\u00e1s todo lo que necesitas para una deliciosa e inolvidable barbacoa con amigos y familiares.<\/p>","protected":false},"excerpt":{"rendered":"<p>El kit de colecci\u00f3n Barbecue Grill es una excelente opci\u00f3n para cualquier persona que ama la barbacoa. Este set incluye cuatro cortes de carne diferentes: picanha, pa\u00f1al, filete ancho y filete de chorizo. Cada corte tiene un sabor \u00fanico y se puede preparar de varias formas, como por ejemplo en la barbacoa o en la sart\u00e9n. Con este kit tendr\u00e1s todo lo que necesitas para una deliciosa e inolvidable barbacoa con amigos y familiares.<\/p>","protected":false},"featured_media":3329,"template":"","meta":{"_acf_changed":false},"product_brand":[],"product_cat":[55],"product_tag":[],"class_list":{"0":"post-3485","1":"product","2":"type-product","3":"status-publish","4":"has-post-thumbnail","6":"product_cat-coletanea-do-churrasco","8":"first","9":"instock","10":"shipping-taxable","11":"product-type-simple"},"acf":[],"_links":{"self":[{"href":"https:\/\/betterbeef.com.br\/es\/wp-json\/wp\/v2\/product\/3485","targetHints":{"allow":["GET"]}}],"collection":[{"href":"https:\/\/betterbeef.com.br\/es\/wp-json\/wp\/v2\/product"}],"about":[{"href":"https:\/\/betterbeef.com.br\/es\/wp-json\/wp\/v2\/types\/product"}],"wp:featuredmedia":[{"embeddable":true,"href":"https:\/\/betterbeef.com.br\/es\/wp-json\/wp\/v2\/media\/3329"}],"wp:attachment":[{"href":"https:\/\/betterbeef.com.br\/es\/wp-json\/wp\/v2\/media?parent=3485"}],"wp:term":[{"taxonomy":"product_brand","embeddable":true,"href":"https:\/\/betterbeef.com.br\/es\/wp-json\/wp\/v2\/product_brand?post=3485"},{"taxonomy":"product_cat","embeddable":true,"href":"https:\/\/betterbeef.com.br\/es\/wp-json\/wp\/v2\/product_cat?post=3485"},{"taxonomy":"product_tag","embeddable":true,"href":"https:\/\/betterbeef.com.br\/es\/wp-json\/wp\/v2\/product_tag?post=3485"}],"curies":[{"name":"gracias","href":"https:\/\/api.w.org\/{rel}","templated":true}]}}